{"id":318,"date":"2025-05-12T22:21:28","date_gmt":"2025-05-12T20:21:28","guid":{"rendered":"https:\/\/woodlio.com\/?page_id=318"},"modified":"2025-07-21T00:31:56","modified_gmt":"2025-07-20T22:31:56","slug":"configurator","status":"publish","type":"page","link":"http:\/\/woodlio.com\/pl\/configurator\/","title":{"rendered":"Konfigurator"},"content":{"rendered":"<p>[et_pb_section fb_built=&#8221;1&#8243; _builder_version=&#8221;4.27.4&#8243; _module_preset=&#8221;default&#8221; background_color=&#8221;gcid-8034223e-5e03-4e2d-9524-37b040580a70&#8243; locked=&#8221;off&#8221; global_colors_info=&#8221;{%22gcid-8034223e-5e03-4e2d-9524-37b040580a70%22:%91%22background_color%22%93}&#8221;][et_pb_row _builder_version=&#8221;4.27.0&#8243; _module_preset=&#8221;default&#8221; global_colors_info=&#8221;{}&#8221;][et_pb_column type=&#8221;4_4&#8243; _builder_version=&#8221;4.27.0&#8243; _module_preset=&#8221;default&#8221; global_colors_info=&#8221;{}&#8221;][et_pb_text _builder_version=&#8221;4.27.4&#8243; _module_preset=&#8221;default&#8221; header_2_line_height=&#8221;1.2em&#8221; header_3_font=&#8221;||||||||&#8221; header_3_font_size=&#8221;36px&#8221; header_3_line_height=&#8221;1.2em&#8221; text_orientation=&#8221;center&#8221; custom_margin=&#8221;||0px||false|false&#8221; custom_padding=&#8221;||||false|false&#8221; header_2_font_size_tablet=&#8221;&#8221; header_2_font_size_phone=&#8221;30px&#8221; header_2_font_size_last_edited=&#8221;on|desktop&#8221; header_3_font_size_tablet=&#8221;36px&#8221; header_3_font_size_phone=&#8221;20px&#8221; header_3_font_size_last_edited=&#8221;on|tablet&#8221; locked=&#8221;off&#8221; global_colors_info=&#8221;{}&#8221; sticky_enabled=&#8221;0&#8243; header_2_font=&#8221;|600|||||||&#8221; header_font=&#8221;|600|||||||&#8221; hover_enabled=&#8221;0&#8243; header_font_size=&#8221;58px&#8221; header_font_size_last_edited=&#8221;on|phone&#8221; header_font_size_phone=&#8221;30px&#8221; header_line_height=&#8221;1.2em&#8221; header_font_size_tablet=&#8221;58px&#8221;]<\/p>\n<h1>Zaprojektuj swoje WOODLIO.<\/h1>\n<h3>Modu\u0142owe. Rozszerzalne. Twoje.<\/h3>\n<p>[\/et_pb_text][\/et_pb_column][\/et_pb_row][et_pb_row _builder_version=&#8221;4.27.4&#8243; _module_preset=&#8221;default&#8221; custom_margin=&#8221;||25px||false|false&#8221; custom_padding=&#8221;100px||100px||true|false&#8221; border_width_all=&#8221;5px&#8221; global_colors_info=&#8221;{}&#8221;][et_pb_column type=&#8221;4_4&#8243; _builder_version=&#8221;4.27.0&#8243; _module_preset=&#8221;default&#8221; global_colors_info=&#8221;{}&#8221;][et_pb_text _builder_version=&#8221;4.27.4&#8243; _module_preset=&#8221;default&#8221; text_font=&#8221;|700|||||||&#8221; text_font_size=&#8221;38px&#8221; text_orientation=&#8221;center&#8221; hover_enabled=&#8221;0&#8243; global_colors_info=&#8221;{}&#8221; text_font_size_last_edited=&#8221;on|phone&#8221; sticky_enabled=&#8221;0&#8243; text_font_size_phone=&#8221;24px&#8221; text_font_size_tablet=&#8221;38px&#8221;]<\/p>\n<p>Ju\u017c wkr\u00f3tce.<\/p>\n<p>[\/et_pb_text][\/et_pb_column][\/et_pb_row][\/et_pb_section][et_pb_section fb_built=&#8221;1&#8243; _builder_version=&#8221;4.27.4&#8243; _module_preset=&#8221;default&#8221; background_color=&#8221;gcid-heading-color&#8221; global_colors_info=&#8221;{%22gcid-heading-color%22:%91%22background_color%22%93}&#8221;][et_pb_row _builder_version=&#8221;4.27.4&#8243; _module_preset=&#8221;default&#8221; global_colors_info=&#8221;{%22gcid-8034223e-5e03-4e2d-9524-37b040580a70%22:%91%22header_text_color%22,%22header_text_color%22%93}&#8221; image_icon_width_tablet=&#8221;65%&#8221; image_icon_width_phone=&#8221;50%&#8221; image_icon_width_last_edited=&#8221;on|tablet&#8221;][et_pb_column type=&#8221;4_4&#8243; _builder_version=&#8221;4.27.4&#8243; _module_preset=&#8221;default&#8221; global_colors_info=&#8221;{}&#8221;][et_pb_text _builder_version=&#8221;4.27.4&#8243; _module_preset=&#8221;default&#8221; header_text_color=&#8221;gcid-8034223e-5e03-4e2d-9524-37b040580a70&#8243; header_2_text_color=&#8221;gcid-8034223e-5e03-4e2d-9524-37b040580a70&#8243; header_2_line_height=&#8221;1.2em&#8221; header_3_text_color=&#8221;gcid-8034223e-5e03-4e2d-9524-37b040580a70&#8243; header_3_font_size=&#8221;36px&#8221; header_3_line_height=&#8221;1.2em&#8221; header_5_text_color=&#8221;gcid-8034223e-5e03-4e2d-9524-37b040580a70&#8243; text_orientation=&#8221;center&#8221; background_layout=&#8221;dark&#8221; header_2_font_size_tablet=&#8221;&#8221; header_2_font_size_phone=&#8221;30px&#8221; header_2_font_size_last_edited=&#8221;on|phone&#8221; header_3_font_size_tablet=&#8221;36px&#8221; header_3_font_size_phone=&#8221;20px&#8221; header_3_font_size_last_edited=&#8221;on|phone&#8221; locked=&#8221;off&#8221; global_colors_info=&#8221;{%22gcid-8034223e-5e03-4e2d-9524-37b040580a70%22:%91%22header_text_color%22,%22header_2_text_color%22,%22header_5_text_color%22,%22header_3_text_color%22,%22header_text_color%22,%22header_2_text_color%22,%22header_5_text_color%22,%22header_3_text_color%22,%22header_text_color%22,%22header_2_text_color%22,%22header_5_text_color%22,%22header_text_color%22,%22header_2_text_color%22,%22header_5_text_color%22%93}&#8221; header_2_font=&#8221;|600|||||||&#8221;]<\/p>\n<h2>Jak to dzia\u0142a.<\/h2>\n<h3>\u0141atwo. Dok\u0142adnie tak, jak potrzebujesz.<\/h3>\n<p>[\/et_pb_text][\/et_pb_column][\/et_pb_row][et_pb_row column_structure=&#8221;1_4,1_4,1_4,1_4&#8243; use_custom_gutter=&#8221;on&#8221; _builder_version=&#8221;4.27.4&#8243; _module_preset=&#8221;default&#8221; locked=&#8221;off&#8221; global_colors_info=&#8221;{}&#8221;][et_pb_column type=&#8221;1_4&#8243; _builder_version=&#8221;4.27.0&#8243; _module_preset=&#8221;default&#8221; global_colors_info=&#8221;{}&#8221;][et_pb_blurb title=&#8221;Choose base structure&#8221; image=&#8221;https:\/\/woodlio.com\/wp-content\/uploads\/scandinavian-design.png&#8221; image_icon_width=&#8221;75%&#8221; image_icon_width_tablet=&#8221;65%&#8221; image_icon_width_phone=&#8221;50%&#8221; image_icon_width_last_edited=&#8221;on|tablet&#8221; _builder_version=&#8221;4.27.4&#8243; _module_preset=&#8221;default&#8221; header_font=&#8221;|700|||||||&#8221; header_text_color=&#8221;gcid-8034223e-5e03-4e2d-9524-37b040580a70&#8243; header_font_size=&#8221;22px&#8221; body_font=&#8221;||||||||&#8221; text_orientation=&#8221;center&#8221; background_layout=&#8221;dark&#8221; global_colors_info=&#8221;{%22gcid-8034223e-5e03-4e2d-9524-37b040580a70%22:%91%22header_text_color%22,%22header_text_color%22,%22header_text_color%22,%22header_text_color%22,%22header_text_color%22,%22header_text_color%22,%22header_text_color%22%93}&#8221;]<\/p>\n<p>Stw\u00f3rz WOODLIO tak, jak chcesz.<\/p>\n<p>[\/et_pb_blurb][\/et_pb_column][et_pb_column type=&#8221;1_4&#8243; _builder_version=&#8221;4.27.0&#8243; _module_preset=&#8221;default&#8221; global_colors_info=&#8221;{}&#8221;][et_pb_blurb title=&#8221;Customize with add-ons&#8221; image=&#8221;https:\/\/woodlio.com\/wp-content\/uploads\/modular-expandable.png&#8221; image_icon_width=&#8221;75%&#8221; image_icon_width_tablet=&#8221;65%&#8221; image_icon_width_phone=&#8221;50%&#8221; image_icon_width_last_edited=&#8221;on|tablet&#8221; _builder_version=&#8221;4.27.4&#8243; _module_preset=&#8221;default&#8221; header_font=&#8221;|700|||||||&#8221; header_text_color=&#8221;gcid-8034223e-5e03-4e2d-9524-37b040580a70&#8243; header_font_size=&#8221;22px&#8221; body_font=&#8221;||||||||&#8221; text_orientation=&#8221;center&#8221; background_layout=&#8221;dark&#8221; global_colors_info=&#8221;{%22gcid-8034223e-5e03-4e2d-9524-37b040580a70%22:%91%22header_text_color%22,%22header_text_color%22,%22header_text_color%22,%22header_text_color%22,%22header_text_color%22,%22header_text_color%22,%22header_text_color%22,%22header_text_color%22,%22header_text_color%22,%22header_text_color%22%93}&#8221;]<\/p>\n<p>Wybieraj spo\u015br\u00f3d wielu mo\u017cliwo\u015bci.<\/p>\n<p>[\/et_pb_blurb][\/et_pb_column][et_pb_column type=&#8221;1_4&#8243; _builder_version=&#8221;4.27.0&#8243; _module_preset=&#8221;default&#8221; global_colors_info=&#8221;{}&#8221;][et_pb_blurb title=&#8221;Instant preview &#038; price&#8221; image=&#8221;https:\/\/woodlio.com\/wp-content\/uploads\/instant-preview.png&#8221; image_icon_width=&#8221;75%&#8221; image_icon_width_tablet=&#8221;65%&#8221; image_icon_width_phone=&#8221;50%&#8221; image_icon_width_last_edited=&#8221;on|tablet&#8221; _builder_version=&#8221;4.27.4&#8243; _module_preset=&#8221;default&#8221; header_font=&#8221;|700|||||||&#8221; header_text_color=&#8221;gcid-8034223e-5e03-4e2d-9524-37b040580a70&#8243; header_font_size=&#8221;22px&#8221; body_font=&#8221;||||||||&#8221; text_orientation=&#8221;center&#8221; background_layout=&#8221;dark&#8221; global_colors_info=&#8221;{%22gcid-8034223e-5e03-4e2d-9524-37b040580a70%22:%91%22header_text_color%22,%22header_text_color%22,%22header_text_color%22,%22header_text_color%22,%22header_text_color%22,%22header_text_color%22,%22header_text_color%22,%22header_text_color%22,%22header_text_color%22%93}&#8221;]<\/p>\n<p>Ostateczna cena. Bez niespodzianek.<\/p>\n<p>[\/et_pb_blurb][\/et_pb_column][et_pb_column type=&#8221;1_4&#8243; _builder_version=&#8221;4.27.0&#8243; _module_preset=&#8221;default&#8221; global_colors_info=&#8221;{}&#8221;][et_pb_blurb title=&#8221;Order your WOODLIO&#8221; image=&#8221;https:\/\/woodlio.com\/wp-content\/uploads\/basket.png&#8221; image_icon_width=&#8221;75%&#8221; image_icon_width_tablet=&#8221;65%&#8221; image_icon_width_phone=&#8221;50%&#8221; image_icon_width_last_edited=&#8221;on|tablet&#8221; _builder_version=&#8221;4.27.4&#8243; _module_preset=&#8221;default&#8221; header_font=&#8221;|700|||||||&#8221; header_text_color=&#8221;gcid-8034223e-5e03-4e2d-9524-37b040580a70&#8243; header_font_size=&#8221;22px&#8221; body_font=&#8221;||||||||&#8221; text_orientation=&#8221;center&#8221; background_layout=&#8221;dark&#8221; global_colors_info=&#8221;{%22gcid-8034223e-5e03-4e2d-9524-37b040580a70%22:%91%22header_text_color%22,%22header_text_color%22,%22header_text_color%22,%22header_text_color%22,%22header_text_color%22,%22header_text_color%22,%22header_text_color%22,%22header_text_color%22,%22header_text_color%22,%22header_text_color%22,%22header_text_color%22,%22header_text_color%22,%22header_text_color%22,%22header_text_color%22,%22header_text_color%22,%22header_text_color%22,%22header_text_color%22%93}&#8221;]<\/p>\n<p>Szybka dostawa prosto pod drzwi.<\/p>\n<p>[\/et_pb_blurb][\/et_pb_column][\/et_pb_row][\/et_pb_section]<\/p>","protected":false},"excerpt":{"rendered":"<p>Design your WOODLIO. Modular. Expandable. Yours.Coming soon.How it works. Easy. Tailored to your needs.Choose your WOODLIO as you wish.Chose from a variety of possibilities.Final price. No surprices.Fast delivery to your doors.<\/p>","protected":false},"author":1,"featured_media":0,"parent":0,"menu_order":0,"comment_status":"closed","ping_status":"closed","template":"","meta":{"_et_pb_use_builder":"on","_et_pb_old_content":"","_et_gb_content_width":"","footnotes":""},"class_list":["post-318","page","type-page","status-publish","hentry"],"_links":{"self":[{"href":"http:\/\/woodlio.com\/pl\/wp-json\/wp\/v2\/pages\/318","targetHints":{"allow":["GET"]}}],"collection":[{"href":"http:\/\/woodlio.com\/pl\/wp-json\/wp\/v2\/pages"}],"about":[{"href":"http:\/\/woodlio.com\/pl\/wp-json\/wp\/v2\/types\/page"}],"author":[{"embeddable":true,"href":"http:\/\/woodlio.com\/pl\/wp-json\/wp\/v2\/users\/1"}],"replies":[{"embeddable":true,"href":"http:\/\/woodlio.com\/pl\/wp-json\/wp\/v2\/comments?post=318"}],"version-history":[{"count":1,"href":"http:\/\/woodlio.com\/pl\/wp-json\/wp\/v2\/pages\/318\/revisions"}],"predecessor-version":[{"id":1807,"href":"http:\/\/woodlio.com\/pl\/wp-json\/wp\/v2\/pages\/318\/revisions\/1807"}],"wp:attachment":[{"href":"http:\/\/woodlio.com\/pl\/wp-json\/wp\/v2\/media?parent=318"}],"curies":[{"name":"wp","href":"https:\/\/api.w.org\/{rel}","templated":true}]}}